{"id":1678,"date":"2022-06-06T07:42:22","date_gmt":"2022-06-06T10:42:22","guid":{"rendered":"https:\/\/nicktesting.kinsta.cloud\/shopdiko1\/?page_id=10"},"modified":"2024-07-24T13:29:09","modified_gmt":"2024-07-24T16:29:09","slug":"carrinho","status":"publish","type":"page","link":"https:\/\/mbwebdigital.com.br\/loja2\/carrinho\/","title":{"rendered":"Carrinho"},"content":{"rendered":"\t\t<div data-elementor-type=\"wp-page\" data-elementor-id=\"1678\" class=\"elementor elementor-1678\" data-elementor-post-type=\"page\">\n\t\t\t\t\t\t<section class=\"elementor-section elementor-top-section elementor-element elementor-element-66f22496 elementor-section-boxed elementor-section-height-default elementor-section-height-default wpr-particle-no wpr-jarallax-no wpr-parallax-no wpr-sticky-section-no wpr-equal-height-no\" data-id=\"66f22496\" data-element_type=\"section\" data-e-type=\"section\">\n\t\t\t\t\t\t<div class=\"elementor-container elementor-column-gap-default\">\n\t\t\t\t\t<div class=\"elementor-column elementor-col-100 elementor-top-column elementor-element elementor-element-27ed61d9\" data-id=\"27ed61d9\" data-element_type=\"column\" data-e-type=\"column\">\n\t\t\t<div class=\"elementor-widget-wrap elementor-element-populated\">\n\t\t\t\t\t\t<div class=\"elementor-element elementor-element-00300b3 elementor-widget elementor-widget-heading\" data-id=\"00300b3\" data-element_type=\"widget\" data-e-type=\"widget\" data-widget_type=\"heading.default\">\n\t\t\t\t<div class=\"elementor-widget-container\">\n\t\t\t\t\t<h2 class=\"elementor-heading-title elementor-size-default\">Carrinho<\/h2>\t\t\t\t<\/div>\n\t\t\t\t<\/div>\n\t\t\t\t<div class=\"elementor-element elementor-element-cb3d557 elementor-widget elementor-widget-text-editor\" data-id=\"cb3d557\" data-element_type=\"widget\" data-e-type=\"widget\" data-widget_type=\"text-editor.default\">\n\t\t\t\t<div class=\"elementor-widget-container\">\n\t\t\t\t\t\t\t\t\t<p>D\u00favidas sobre produtos ser\u00e3o respondidas<\/p>\t\t\t\t\t\t\t\t<\/div>\n\t\t\t\t<\/div>\n\t\t\t\t\t<\/div>\n\t\t<\/div>\n\t\t\t\t\t<\/div>\n\t\t<\/section>\n\t\t\t\t<\/div>\n\t\t","protected":false},"excerpt":{"rendered":"<p>Carrinho D\u00favidas sobre produtos ser\u00e3o respondidas &nbsp; Produto &nbsp; Pre\u00e7o Quantidade Subtotal &times; Biquini azul elegance &#82;&#36;&nbsp;34.99 Biquini azul elegance quantidade &#82;&#36;&nbsp;34.99 &times; Mai\u00f4 long tropical &#82;&#36;&nbsp;75.00 Mai\u00f4 long tropical quantidade &#82;&#36;&nbsp;75.00 Atualizar carrinho Aplicar cupom Totais do carrinho Subtotal &#82;&#36;&nbsp;109.99 Entrega Digite seu endere\u00e7o para ver as op\u00e7\u00f5es de entrega. Calcular entrega Pa\u00eds \/ regi\u00e3o: Selecione um pa\u00eds&hellip;Brasil Estado \/ Pa\u00eds: Selecione uma op\u00e7\u00e3o&hellip;AlabamaAlascaArizonaArkansasCalif\u00f3rniaColoradoConnecticutDelawareDistrito de ColumbiaFl\u00f3ridaGe\u00f3rgiaHava\u00edIdahoIllinoisIndianaIowaKansasKentuckyLouisianaMaineMarylandMassachusettsMichiganMinnesotaMississippiMissouriMontanaNebraskaNevadaNova HampshireNova JerseyNovo M\u00e9xicoNova IorqueCarolina do NorteDakota do NorteOhioOklahomaOregonPensilv\u00e2niaRhode IslandCarolina do SulDakota do SulTennesseeTexasUtahVermontVirg\u00edniaWashingtonVirg\u00ednia OcidentalWisconsinWyomingFor\u00e7as Armadas (AA)For\u00e7as Armadas (AE)For\u00e7as Armadas (AP) Cidade: C\u00f3digo postal \/ CEP: Atualizar Total &#82;&#36;&nbsp;109.99 Finalizar compra<\/p>\n","protected":false},"author":1,"featured_media":0,"parent":0,"menu_order":0,"comment_status":"closed","ping_status":"closed","template":"elementor_canvas","meta":{"footnotes":""},"class_list":["post-1678","page","type-page","status-publish","hentry"],"_links":{"self":[{"href":"https:\/\/mbwebdigital.com.br\/loja2\/wp-json\/wp\/v2\/pages\/1678","targetHints":{"allow":["GET"]}}],"collection":[{"href":"https:\/\/mbwebdigital.com.br\/loja2\/wp-json\/wp\/v2\/pages"}],"about":[{"href":"https:\/\/mbwebdigital.com.br\/loja2\/wp-json\/wp\/v2\/types\/page"}],"author":[{"embeddable":true,"href":"https:\/\/mbwebdigital.com.br\/loja2\/wp-json\/wp\/v2\/users\/1"}],"replies":[{"embeddable":true,"href":"https:\/\/mbwebdigital.com.br\/loja2\/wp-json\/wp\/v2\/comments?post=1678"}],"version-history":[{"count":0,"href":"https:\/\/mbwebdigital.com.br\/loja2\/wp-json\/wp\/v2\/pages\/1678\/revisions"}],"wp:attachment":[{"href":"https:\/\/mbwebdigital.com.br\/loja2\/wp-json\/wp\/v2\/media?parent=1678"}],"curies":[{"name":"wp","href":"https:\/\/api.w.org\/{rel}","templated":true}]}}