{"id":110,"date":"2022-06-07T12:29:17","date_gmt":"2022-06-07T15:29:17","guid":{"rendered":"https:\/\/nicktesting.kinsta.cloud\/shopdiko1\/?post_type=product&#038;p=110"},"modified":"2023-09-28T00:00:30","modified_gmt":"2023-09-28T03:00:30","slug":"maio-exclusive","status":"publish","type":"product","link":"https:\/\/mbwebdigital.com.br\/loja2\/produto\/maio-exclusive\/","title":{"rendered":"Mai\u00f4  Excluisve"},"content":{"rendered":"<p>Mai\u00f4 forrado, com acabamento sem costura e tecido imperme\u00e1vel<\/p>\n","protected":false},"excerpt":{"rendered":"<ul>\n<li>Dispon\u00edvel em Verde Multi<\/li>\n<li>Recomendado para uso ao lado da piscina &#8211; n\u00e3o \u00e9 resistente \u00e0 \u00e1gua<\/li>\n<li>Conjunto de macac\u00e3o de 3 pe\u00e7as<\/li>\n<li>Parte superior do tubo e parte inferior com cobertura total de cintura alta<\/li>\n<\/ul>\n","protected":false},"featured_media":117,"comment_status":"open","ping_status":"closed","template":"","meta":[],"product_brand":[],"product_cat":[24,36,39,19],"product_tag":[40,46],"class_list":{"0":"post-110","1":"product","2":"type-product","3":"status-publish","4":"has-post-thumbnail","6":"product_cat-biquinis-leves","7":"product_cat-maios","8":"product_cat-tops","9":"product_cat-vestido","10":"product_tag-tropical","11":"product_tag-verao","13":"first","14":"outofstock","15":"shipping-taxable","16":"purchasable","17":"product-type-variable"},"_links":{"self":[{"href":"https:\/\/mbwebdigital.com.br\/loja2\/wp-json\/wp\/v2\/product\/110","targetHints":{"allow":["GET"]}}],"collection":[{"href":"https:\/\/mbwebdigital.com.br\/loja2\/wp-json\/wp\/v2\/product"}],"about":[{"href":"https:\/\/mbwebdigital.com.br\/loja2\/wp-json\/wp\/v2\/types\/product"}],"replies":[{"embeddable":true,"href":"https:\/\/mbwebdigital.com.br\/loja2\/wp-json\/wp\/v2\/comments?post=110"}],"wp:featuredmedia":[{"embeddable":true,"href":"https:\/\/mbwebdigital.com.br\/loja2\/wp-json\/wp\/v2\/media\/117"}],"wp:attachment":[{"href":"https:\/\/mbwebdigital.com.br\/loja2\/wp-json\/wp\/v2\/media?parent=110"}],"wp:term":[{"taxonomy":"product_brand","embeddable":true,"href":"https:\/\/mbwebdigital.com.br\/loja2\/wp-json\/wp\/v2\/product_brand?post=110"},{"taxonomy":"product_cat","embeddable":true,"href":"https:\/\/mbwebdigital.com.br\/loja2\/wp-json\/wp\/v2\/product_cat?post=110"},{"taxonomy":"product_tag","embeddable":true,"href":"https:\/\/mbwebdigital.com.br\/loja2\/wp-json\/wp\/v2\/product_tag?post=110"}],"curies":[{"name":"wp","href":"https:\/\/api.w.org\/{rel}","templated":true}]}}