{"id":380,"date":"2022-06-09T09:21:54","date_gmt":"2022-06-09T12:21:54","guid":{"rendered":"https:\/\/nicktesting.kinsta.cloud\/shopdiko1\/?post_type=product&#038;p=380"},"modified":"2023-09-26T19:09:50","modified_gmt":"2023-09-26T22:09:50","slug":"vestido-de-couro-sintetico-significativo","status":"publish","type":"product","link":"https:\/\/mbwebdigital.com.br\/loja2\/produto\/vestido-de-couro-sintetico-significativo\/","title":{"rendered":"Vestido de couro sint\u00e9tico significativo"},"content":{"rendered":"<p>Vestido ideal pra quem adora cores alegres e alto astral<\/p>\n","protected":false},"excerpt":{"rendered":"<ul>\n<li>Dispon\u00edvel em lavagem azul m\u00e9dia.<\/li>\n<li>Isen\u00e7\u00e3o de responsabilidade: para manter a est\u00e9tica desta pe\u00e7a de roupa, siga cuidadosamente as instru\u00e7\u00f5es de cuidados.<\/li>\n<li>Isen\u00e7\u00e3o de responsabilidade: o posicionamento da impress\u00e3o ir\u00e1 variar<\/li>\n<\/ul>\n","protected":false},"featured_media":388,"comment_status":"open","ping_status":"closed","template":"","meta":[],"product_brand":[],"product_cat":[17,32,19],"product_tag":[49,50],"class_list":{"0":"post-380","1":"product","2":"type-product","3":"status-publish","4":"has-post-thumbnail","6":"product_cat-roupas-esportivas","7":"product_cat-saia","8":"product_cat-vestido","9":"product_tag-exotico","10":"product_tag-luxuoso","12":"first","13":"instock","14":"shipping-taxable","15":"purchasable","16":"product-type-simple"},"_links":{"self":[{"href":"https:\/\/mbwebdigital.com.br\/loja2\/wp-json\/wp\/v2\/product\/380","targetHints":{"allow":["GET"]}}],"collection":[{"href":"https:\/\/mbwebdigital.com.br\/loja2\/wp-json\/wp\/v2\/product"}],"about":[{"href":"https:\/\/mbwebdigital.com.br\/loja2\/wp-json\/wp\/v2\/types\/product"}],"replies":[{"embeddable":true,"href":"https:\/\/mbwebdigital.com.br\/loja2\/wp-json\/wp\/v2\/comments?post=380"}],"wp:featuredmedia":[{"embeddable":true,"href":"https:\/\/mbwebdigital.com.br\/loja2\/wp-json\/wp\/v2\/media\/388"}],"wp:attachment":[{"href":"https:\/\/mbwebdigital.com.br\/loja2\/wp-json\/wp\/v2\/media?parent=380"}],"wp:term":[{"taxonomy":"product_brand","embeddable":true,"href":"https:\/\/mbwebdigital.com.br\/loja2\/wp-json\/wp\/v2\/product_brand?post=380"},{"taxonomy":"product_cat","embeddable":true,"href":"https:\/\/mbwebdigital.com.br\/loja2\/wp-json\/wp\/v2\/product_cat?post=380"},{"taxonomy":"product_tag","embeddable":true,"href":"https:\/\/mbwebdigital.com.br\/loja2\/wp-json\/wp\/v2\/product_tag?post=380"}],"curies":[{"name":"wp","href":"https:\/\/api.w.org\/{rel}","templated":true}]}}