{"id":404,"date":"2022-06-09T09:43:58","date_gmt":"2022-06-09T12:43:58","guid":{"rendered":"https:\/\/nicktesting.kinsta.cloud\/shopdiko1\/?post_type=product&#038;p=404"},"modified":"2023-09-26T19:04:38","modified_gmt":"2023-09-26T22:04:38","slug":"mini-vestido-melhor-comigo","status":"publish","type":"product","link":"https:\/\/mbwebdigital.com.br\/loja2\/produto\/mini-vestido-melhor-comigo\/","title":{"rendered":"Mini vestido melhor comigo"},"content":{"rendered":"<p>Vestido, estilo sa\u00edda de praia em croch\u00ea<\/p>\n","protected":false},"excerpt":{"rendered":"<ul>\n<li>Dispon\u00edvel em lavagem azul m\u00e9dia.<\/li>\n<li>Alongamento Conforto<\/li>\n<li>Isen\u00e7\u00e3o de responsabilidade: para manter a est\u00e9tica desta pe\u00e7a de roupa, siga cuidadosamente as instru\u00e7\u00f5es de cuidados.<\/li>\n<li>Isen\u00e7\u00e3o de responsabilidade: o posicionamento da impress\u00e3o ir\u00e1 variar<\/li>\n<\/ul>\n","protected":false},"featured_media":410,"comment_status":"open","ping_status":"closed","template":"","meta":[],"product_brand":[],"product_cat":[24,43,36,19],"product_tag":[49,50,46],"class_list":{"0":"post-404","1":"product","2":"type-product","3":"status-publish","4":"has-post-thumbnail","6":"product_cat-biquinis-leves","7":"product_cat-biquinis-luxuosos","8":"product_cat-maios","9":"product_cat-vestido","10":"product_tag-exotico","11":"product_tag-luxuoso","12":"product_tag-verao","14":"first","15":"instock","16":"sale","17":"shipping-taxable","18":"purchasable","19":"product-type-simple"},"_links":{"self":[{"href":"https:\/\/mbwebdigital.com.br\/loja2\/wp-json\/wp\/v2\/product\/404","targetHints":{"allow":["GET"]}}],"collection":[{"href":"https:\/\/mbwebdigital.com.br\/loja2\/wp-json\/wp\/v2\/product"}],"about":[{"href":"https:\/\/mbwebdigital.com.br\/loja2\/wp-json\/wp\/v2\/types\/product"}],"replies":[{"embeddable":true,"href":"https:\/\/mbwebdigital.com.br\/loja2\/wp-json\/wp\/v2\/comments?post=404"}],"wp:featuredmedia":[{"embeddable":true,"href":"https:\/\/mbwebdigital.com.br\/loja2\/wp-json\/wp\/v2\/media\/410"}],"wp:attachment":[{"href":"https:\/\/mbwebdigital.com.br\/loja2\/wp-json\/wp\/v2\/media?parent=404"}],"wp:term":[{"taxonomy":"product_brand","embeddable":true,"href":"https:\/\/mbwebdigital.com.br\/loja2\/wp-json\/wp\/v2\/product_brand?post=404"},{"taxonomy":"product_cat","embeddable":true,"href":"https:\/\/mbwebdigital.com.br\/loja2\/wp-json\/wp\/v2\/product_cat?post=404"},{"taxonomy":"product_tag","embeddable":true,"href":"https:\/\/mbwebdigital.com.br\/loja2\/wp-json\/wp\/v2\/product_tag?post=404"}],"curies":[{"name":"wp","href":"https:\/\/api.w.org\/{rel}","templated":true}]}}