{"id":405,"date":"2022-06-09T09:44:36","date_gmt":"2022-06-09T12:44:36","guid":{"rendered":"https:\/\/nicktesting.kinsta.cloud\/shopdiko1\/?post_type=product&#038;p=405"},"modified":"2023-09-26T19:00:02","modified_gmt":"2023-09-26T22:00:02","slug":"top-frente-unica-com-cadarco-aryana","status":"publish","type":"product","link":"https:\/\/mbwebdigital.com.br\/loja2\/produto\/top-frente-unica-com-cadarco-aryana\/","title":{"rendered":"Top frente \u00fanica com cadar\u00e7o Aryana"},"content":{"rendered":"<p>Modelo de Top super praiano, mas ao mesmo tempo adapt\u00e1vel pra looks mais modernos! Com amarra\u00e7\u00e3o frente \u00fanica, e decote perfeito nas costas! Al\u00e9m de super sustentar bem os seios, e ser mega confort\u00e1vel!<\/p>\n","protected":false},"excerpt":{"rendered":"<ul>\n<li>Dispon\u00edvel em lavagem azul m\u00e9dia.<\/li>\n<li>Isen\u00e7\u00e3o de responsabilidade: para manter a est\u00e9tica desta pe\u00e7a de roupa, siga cuidadosamente as instru\u00e7\u00f5es de cuidados.<\/li>\n<li>Isen\u00e7\u00e3o de responsabilidade: o posicionamento da impress\u00e3o ir\u00e1 variar<\/li>\n<\/ul>\n","protected":false},"featured_media":414,"comment_status":"open","ping_status":"closed","template":"","meta":[],"product_brand":[],"product_cat":[17],"product_tag":[33,46],"class_list":{"0":"post-405","1":"product","2":"type-product","3":"status-publish","4":"has-post-thumbnail","6":"product_cat-roupas-esportivas","7":"product_tag-sport","8":"product_tag-verao","10":"first","11":"instock","12":"downloadable","13":"virtual","14":"purchasable","15":"product-type-simple"},"_links":{"self":[{"href":"https:\/\/mbwebdigital.com.br\/loja2\/wp-json\/wp\/v2\/product\/405","targetHints":{"allow":["GET"]}}],"collection":[{"href":"https:\/\/mbwebdigital.com.br\/loja2\/wp-json\/wp\/v2\/product"}],"about":[{"href":"https:\/\/mbwebdigital.com.br\/loja2\/wp-json\/wp\/v2\/types\/product"}],"replies":[{"embeddable":true,"href":"https:\/\/mbwebdigital.com.br\/loja2\/wp-json\/wp\/v2\/comments?post=405"}],"wp:featuredmedia":[{"embeddable":true,"href":"https:\/\/mbwebdigital.com.br\/loja2\/wp-json\/wp\/v2\/media\/414"}],"wp:attachment":[{"href":"https:\/\/mbwebdigital.com.br\/loja2\/wp-json\/wp\/v2\/media?parent=405"}],"wp:term":[{"taxonomy":"product_brand","embeddable":true,"href":"https:\/\/mbwebdigital.com.br\/loja2\/wp-json\/wp\/v2\/product_brand?post=405"},{"taxonomy":"product_cat","embeddable":true,"href":"https:\/\/mbwebdigital.com.br\/loja2\/wp-json\/wp\/v2\/product_cat?post=405"},{"taxonomy":"product_tag","embeddable":true,"href":"https:\/\/mbwebdigital.com.br\/loja2\/wp-json\/wp\/v2\/product_tag?post=405"}],"curies":[{"name":"wp","href":"https:\/\/api.w.org\/{rel}","templated":true}]}}