{"id":407,"date":"2022-06-09T09:46:56","date_gmt":"2022-06-09T12:46:56","guid":{"rendered":"https:\/\/nicktesting.kinsta.cloud\/shopdiko1\/?post_type=product&#038;p=407"},"modified":"2023-09-28T01:19:52","modified_gmt":"2023-09-28T04:19:52","slug":"top-angelic-moments","status":"publish","type":"product","link":"https:\/\/mbwebdigital.com.br\/loja2\/produto\/top-angelic-moments\/","title":{"rendered":"Top Angelic Moments"},"content":{"rendered":"<p>Tecido suplex de poliamida e prote\u00e7\u00e3o UV que se ajusta bem ao corpo, el\u00e1stico embutido em toda sua estrutura, frente e costas, al\u00e9m de possuir forro dispensando o uso de suti\u00e3. Cordas longas possibilitando diversas amarra\u00e7\u00f5es. Modelagem perfeita!<\/p>\n","protected":false},"excerpt":{"rendered":"<ul>\n<li>Dispon\u00edvel em lavagem azul m\u00e9dia.<\/li>\n<li>Jeans Flare Xadrez<\/li>\n<li>Bainha crua<\/li>\n<li>Isen\u00e7\u00e3o de responsabilidade: para manter a est\u00e9tica desta pe\u00e7a de roupa, siga cuidadosamente as instru\u00e7\u00f5es de cuidados.<\/li>\n<li>Isen\u00e7\u00e3o de responsabilidade: o posicionamento da impress\u00e3o ir\u00e1 variar<\/li>\n<\/ul>\n","protected":false},"featured_media":422,"comment_status":"open","ping_status":"closed","template":"","meta":[],"product_brand":[],"product_cat":[36,39],"product_tag":[48,33,46],"class_list":{"0":"post-407","1":"product","2":"type-product","3":"status-publish","4":"has-post-thumbnail","6":"product_cat-maios","7":"product_cat-tops","8":"product_tag-biquinis","9":"product_tag-sport","10":"product_tag-verao","12":"first","13":"instock","14":"sale","15":"shipping-taxable","16":"purchasable","17":"product-type-simple"},"_links":{"self":[{"href":"https:\/\/mbwebdigital.com.br\/loja2\/wp-json\/wp\/v2\/product\/407","targetHints":{"allow":["GET"]}}],"collection":[{"href":"https:\/\/mbwebdigital.com.br\/loja2\/wp-json\/wp\/v2\/product"}],"about":[{"href":"https:\/\/mbwebdigital.com.br\/loja2\/wp-json\/wp\/v2\/types\/product"}],"replies":[{"embeddable":true,"href":"https:\/\/mbwebdigital.com.br\/loja2\/wp-json\/wp\/v2\/comments?post=407"}],"wp:featuredmedia":[{"embeddable":true,"href":"https:\/\/mbwebdigital.com.br\/loja2\/wp-json\/wp\/v2\/media\/422"}],"wp:attachment":[{"href":"https:\/\/mbwebdigital.com.br\/loja2\/wp-json\/wp\/v2\/media?parent=407"}],"wp:term":[{"taxonomy":"product_brand","embeddable":true,"href":"https:\/\/mbwebdigital.com.br\/loja2\/wp-json\/wp\/v2\/product_brand?post=407"},{"taxonomy":"product_cat","embeddable":true,"href":"https:\/\/mbwebdigital.com.br\/loja2\/wp-json\/wp\/v2\/product_cat?post=407"},{"taxonomy":"product_tag","embeddable":true,"href":"https:\/\/mbwebdigital.com.br\/loja2\/wp-json\/wp\/v2\/product_tag?post=407"}],"curies":[{"name":"wp","href":"https:\/\/api.w.org\/{rel}","templated":true}]}}