{"id":409,"date":"2022-06-09T09:48:52","date_gmt":"2022-06-09T12:48:52","guid":{"rendered":"https:\/\/nicktesting.kinsta.cloud\/shopdiko1\/?post_type=product&#038;p=409"},"modified":"2026-04-26T08:23:26","modified_gmt":"2026-04-26T11:23:26","slug":"vestido-maxi-canelado-laney","status":"publish","type":"product","link":"https:\/\/mbwebdigital.com.br\/loja2\/produto\/vestido-maxi-canelado-laney\/","title":{"rendered":"Vestido maxi canelado Laney"},"content":{"rendered":"<p>Vestido leve e souto para a primavera\/ver\u00e3o<\/p>\n","protected":false},"excerpt":{"rendered":"<ul>\n<li>Dispon\u00edvel em lavagem azul m\u00e9dia.<\/li>\n<li>Jeans Flare Xadrez<\/li>\n<li>Bainha crua<\/li>\n<li>Alongamento Conforto<\/li>\n<li>Isen\u00e7\u00e3o de responsabilidade: para manter a est\u00e9tica desta pe\u00e7a de roupa, siga cuidadosamente as instru\u00e7\u00f5es de cuidados.<\/li>\n<li>Isen\u00e7\u00e3o de responsabilidade: o posicionamento da impress\u00e3o ir\u00e1 variar<\/li>\n<\/ul>\n","protected":false},"featured_media":433,"comment_status":"open","ping_status":"closed","template":"","meta":[],"product_brand":[],"product_cat":[32,19],"product_tag":[47,46,45],"class_list":{"0":"post-409","1":"product","2":"type-product","3":"status-publish","4":"has-post-thumbnail","6":"product_cat-saia","7":"product_cat-vestido","8":"product_tag-despojado","9":"product_tag-verao","10":"product_tag-vestido-leve","12":"first","13":"instock","14":"sale","15":"shipping-taxable","16":"purchasable","17":"product-type-simple"},"_links":{"self":[{"href":"https:\/\/mbwebdigital.com.br\/loja2\/wp-json\/wp\/v2\/product\/409","targetHints":{"allow":["GET"]}}],"collection":[{"href":"https:\/\/mbwebdigital.com.br\/loja2\/wp-json\/wp\/v2\/product"}],"about":[{"href":"https:\/\/mbwebdigital.com.br\/loja2\/wp-json\/wp\/v2\/types\/product"}],"replies":[{"embeddable":true,"href":"https:\/\/mbwebdigital.com.br\/loja2\/wp-json\/wp\/v2\/comments?post=409"}],"wp:featuredmedia":[{"embeddable":true,"href":"https:\/\/mbwebdigital.com.br\/loja2\/wp-json\/wp\/v2\/media\/433"}],"wp:attachment":[{"href":"https:\/\/mbwebdigital.com.br\/loja2\/wp-json\/wp\/v2\/media?parent=409"}],"wp:term":[{"taxonomy":"product_brand","embeddable":true,"href":"https:\/\/mbwebdigital.com.br\/loja2\/wp-json\/wp\/v2\/product_brand?post=409"},{"taxonomy":"product_cat","embeddable":true,"href":"https:\/\/mbwebdigital.com.br\/loja2\/wp-json\/wp\/v2\/product_cat?post=409"},{"taxonomy":"product_tag","embeddable":true,"href":"https:\/\/mbwebdigital.com.br\/loja2\/wp-json\/wp\/v2\/product_tag?post=409"}],"curies":[{"name":"wp","href":"https:\/\/api.w.org\/{rel}","templated":true}]}}